{"id":1028,"date":"2020-07-29T13:47:52","date_gmt":"2020-07-29T13:47:52","guid":{"rendered":"https:\/\/www.integraction.eu\/?page_id=1028"},"modified":"2022-05-23T09:13:56","modified_gmt":"2022-05-23T09:13:56","slug":"tyokalu","status":"publish","type":"page","link":"https:\/\/www.integraction.eu\/index.php\/fi\/tyokalu\/","title":{"rendered":"Ty\u00f6kalu"},"content":{"rendered":"\t\t<div data-elementor-type=\"wp-post\" data-elementor-id=\"1028\" class=\"elementor elementor-1028\" data-elementor-post-type=\"page\">\n\t\t\t\t\t\t<section class=\"has_eae_slider elementor-section elementor-top-section elementor-element elementor-element-5b11abd elementor-section-content-bottom elementor-section-boxed elementor-section-height-default elementor-section-height-default\" data-eae-slider=\"14475\" data-id=\"5b11abd\" data-element_type=\"section\" data-e-type=\"section\" data-settings=\"{&quot;background_background&quot;:&quot;classic&quot;}\">\n\t\t\t\t\t\t\t<div class=\"elementor-background-overlay\"><\/div>\n\t\t\t\t\t\t\t<div class=\"elementor-container elementor-column-gap-no\">\n\t\t\t\t\t<div class=\"has_eae_slider elementor-column elementor-col-100 elementor-top-column elementor-element elementor-element-7e4508d\" data-eae-slider=\"88558\" data-id=\"7e4508d\" data-element_type=\"column\" data-e-type=\"column\">\n\t\t\t<div class=\"elementor-widget-wrap elementor-element-populated\">\n\t\t\t\t\t\t<div class=\"elementor-element elementor-element-f9ae01b elementor-widget elementor-widget-heading\" data-id=\"f9ae01b\" data-element_type=\"widget\" data-e-type=\"widget\" data-widget_type=\"heading.default\">\n\t\t\t\t<div class=\"elementor-widget-container\">\n\t\t\t\t\t<h1 class=\"elementor-heading-title elementor-size-default\">Tuotokset &amp; Tulokset<\/h1>\t\t\t\t<\/div>\n\t\t\t\t<\/div>\n\t\t\t\t\t<\/div>\n\t\t<\/div>\n\t\t\t\t\t<\/div>\n\t\t<\/section>\n\t\t\t\t<section class=\"has_eae_slider elementor-section elementor-top-section elementor-element elementor-element-3834dc6 elementor-section-boxed elementor-section-height-default elementor-section-height-default\" data-eae-slider=\"74189\" data-id=\"3834dc6\" data-element_type=\"section\" data-e-type=\"section\" data-settings=\"{&quot;background_background&quot;:&quot;classic&quot;}\">\n\t\t\t\t\t\t<div class=\"elementor-container elementor-column-gap-no\">\n\t\t\t\t\t<div class=\"has_eae_slider elementor-column elementor-col-100 elementor-top-column elementor-element elementor-element-2e7a16d\" data-eae-slider=\"97149\" data-id=\"2e7a16d\" data-element_type=\"column\" data-e-type=\"column\" data-settings=\"{&quot;background_background&quot;:&quot;classic&quot;}\">\n\t\t\t<div class=\"elementor-widget-wrap elementor-element-populated\">\n\t\t\t\t\t\t<section class=\"has_eae_slider elementor-section elementor-inner-section elementor-element elementor-element-87398b8 elementor-section-content-top elementor-section-full_width elementor-section-height-default elementor-section-height-default\" data-eae-slider=\"53462\" data-id=\"87398b8\" data-element_type=\"section\" data-e-type=\"section\">\n\t\t\t\t\t\t<div class=\"elementor-container elementor-column-gap-no\">\n\t\t\t\t\t<div class=\"has_eae_slider elementor-column elementor-col-33 elementor-inner-column elementor-element elementor-element-1e71547\" data-eae-slider=\"4740\" data-id=\"1e71547\" data-element_type=\"column\" data-e-type=\"column\">\n\t\t\t<div class=\"elementor-widget-wrap elementor-element-populated\">\n\t\t\t\t\t\t<div class=\"elementor-element elementor-element-a297b07 elementor-position-top elementor-widget elementor-widget-image-box\" data-id=\"a297b07\" data-element_type=\"widget\" data-e-type=\"widget\" data-widget_type=\"image-box.default\">\n\t\t\t\t<div class=\"elementor-widget-container\">\n\t\t\t\t\t<div class=\"elementor-image-box-wrapper\"><figure class=\"elementor-image-box-img\"><a href=\"https:\/\/www.integraction.eu\/index.php\/tool4alls\/\" tabindex=\"-1\"><img fetchpriority=\"high\" decoding=\"async\" width=\"400\" height=\"300\" src=\"https:\/\/www.integraction.eu\/wp-content\/uploads\/2020\/04\/otp_digital-tools.jpg\" class=\"elementor-animation-sink attachment-full size-full wp-image-670\" alt=\"\" srcset=\"https:\/\/www.integraction.eu\/wp-content\/uploads\/2020\/04\/otp_digital-tools.jpg 400w, https:\/\/www.integraction.eu\/wp-content\/uploads\/2020\/04\/otp_digital-tools-300x225.jpg 300w\" sizes=\"(max-width: 400px) 100vw, 400px\" \/><\/a><\/figure><div class=\"elementor-image-box-content\"><h5 class=\"elementor-image-box-title\"><a href=\"https:\/\/www.integraction.eu\/index.php\/tool4alls\/\">\u201dTool4aLLs\u201d on digitaalinen ty\u00f6kalupakki lukutaitoa ja kielitaitoa varten <\/a><\/h5><p class=\"elementor-image-box-description\">Ty\u00f6kalupakki antaa mahdollisuuden laajentaa maahanmuuttajien, pakolaisten ja turvapaikanhakijoiden kanssa ty\u00f6skentelevien operaattoreiden ja kouluttajien tiet\u00e4myst\u00e4 digitaalisista v\u00e4lineist\u00e4 lukutaidon ja kielitaidon vahvistamista varten.  Operaattorit tulevat antamaan pakolaisille ja turvapaikanhakijoille tarkoituksenmukaisia digitaalisia ty\u00f6kaluja elinik\u00e4isen oppimisen ja itseoppimisprosessin aktivoimiseksi is\u00e4nt\u00e4maan kielen oppimiseksi. <\/p><\/div><\/div>\t\t\t\t<\/div>\n\t\t\t\t<\/div>\n\t\t\t\t\t<\/div>\n\t\t<\/div>\n\t\t\t\t<div class=\"has_eae_slider elementor-column elementor-col-33 elementor-inner-column elementor-element elementor-element-2c5e66a\" data-eae-slider=\"33006\" data-id=\"2c5e66a\" data-element_type=\"column\" data-e-type=\"column\">\n\t\t\t<div class=\"elementor-widget-wrap elementor-element-populated\">\n\t\t\t\t\t\t<div class=\"elementor-element elementor-element-adb5f55 elementor-position-top elementor-widget elementor-widget-image-box\" data-id=\"adb5f55\" data-element_type=\"widget\" data-e-type=\"widget\" data-widget_type=\"image-box.default\">\n\t\t\t\t<div class=\"elementor-widget-container\">\n\t\t\t\t\t<div class=\"elementor-image-box-wrapper\"><figure class=\"elementor-image-box-img\"><a href=\"https:\/\/www.integraction.eu\/index.php\/handbook-for-entrepreneurs-2\/\" tabindex=\"-1\"><img decoding=\"async\" width=\"401\" height=\"300\" src=\"https:\/\/www.integraction.eu\/wp-content\/uploads\/2020\/04\/otp_guide.jpg\" class=\"elementor-animation-sink attachment-full size-full wp-image-671\" alt=\"\" srcset=\"https:\/\/www.integraction.eu\/wp-content\/uploads\/2020\/04\/otp_guide.jpg 401w, https:\/\/www.integraction.eu\/wp-content\/uploads\/2020\/04\/otp_guide-300x224.jpg 300w\" sizes=\"(max-width: 401px) 100vw, 401px\" \/><\/a><\/figure><div class=\"elementor-image-box-content\"><h5 class=\"elementor-image-box-title\"><a href=\"https:\/\/www.integraction.eu\/index.php\/handbook-for-entrepreneurs-2\/\">K\u00e4sikirja yritt\u00e4jyyden ja yritystoiminnan helpottamiseksi<\/a><\/h5><p class=\"elementor-image-box-description\">K\u00e4sikirja on suunniteltu oppaaksi maahanmuuttajille, pakolaisille ja turvapaikanhakijoille, jotta n\u00e4m\u00e4 ymm\u00e4rt\u00e4isiv\u00e4t oman yrityksen perustamiseen tarvittavat toimenpiteet. K\u00e4sikirja mahdollistaa yrityksen perustamisen luomiseen tarvittavien liiketoimintaosaamisen ja tietojen itsearvioinnin. Lis\u00e4ksi pakolaiset tulevat ymm\u00e4rt\u00e4m\u00e4\u00e4n, miten t\u00e4rke\u00e4\u00e4 on vahvistaa tietoaan k\u00e4ym\u00e4ll\u00e4 koulutuskursseilla.<\/p><\/div><\/div>\t\t\t\t<\/div>\n\t\t\t\t<\/div>\n\t\t\t\t\t<\/div>\n\t\t<\/div>\n\t\t\t\t<div class=\"has_eae_slider elementor-column elementor-col-33 elementor-inner-column elementor-element elementor-element-4a2fa5a\" data-eae-slider=\"84745\" data-id=\"4a2fa5a\" data-element_type=\"column\" data-e-type=\"column\">\n\t\t\t<div class=\"elementor-widget-wrap elementor-element-populated\">\n\t\t\t\t\t\t<div class=\"elementor-element elementor-element-e2f5c73 elementor-position-top elementor-widget elementor-widget-image-box\" data-id=\"e2f5c73\" data-element_type=\"widget\" data-e-type=\"widget\" data-widget_type=\"image-box.default\">\n\t\t\t\t<div class=\"elementor-widget-container\">\n\t\t\t\t\t<div class=\"elementor-image-box-wrapper\"><figure class=\"elementor-image-box-img\"><a href=\"https:\/\/www.integraction.eu\/index.php\/fi\/webdoc_fin\/\" tabindex=\"-1\"><img decoding=\"async\" width=\"401\" height=\"300\" src=\"https:\/\/www.integraction.eu\/wp-content\/uploads\/2020\/04\/otp-03-03.jpg\" class=\"elementor-animation-sink attachment-full size-full wp-image-675\" alt=\"\" srcset=\"https:\/\/www.integraction.eu\/wp-content\/uploads\/2020\/04\/otp-03-03.jpg 401w, https:\/\/www.integraction.eu\/wp-content\/uploads\/2020\/04\/otp-03-03-300x224.jpg 300w\" sizes=\"(max-width: 401px) 100vw, 401px\" \/><\/a><\/figure><div class=\"elementor-image-box-content\"><h5 class=\"elementor-image-box-title\"><a href=\"https:\/\/www.integraction.eu\/index.php\/fi\/webdoc_fin\/\">Webdoc \u2013 Maahanmuuttajap\u00e4iv\u00e4kirjat<\/a><\/h5><p class=\"elementor-image-box-description\">T\u00e4m\u00e4 toiminta sis\u00e4lt\u00e4\u00e4 kulttuurienv\u00e4listen tapaamisten edist\u00e4misen maahanmuuttajataustaisten ja paikallisten ihmisten v\u00e4lill\u00e4, lis\u00e4\u00e4 paikallisten tietoisuutta syist\u00e4 ja motivaatioista, jotka ajavat pakolaisia ja turvapaikanhakijoita aloittamaan pitk\u00e4n ja vaikean muuttoprosessin. Samalla pakolaiset ja turvapaikanhakijat tulevat ymm\u00e4rt\u00e4m\u00e4\u00e4n is\u00e4nt\u00e4maan kulttuuria, ajattelutapoja sek\u00e4 yhteisi\u00e4 s\u00e4\u00e4nt\u00f6j\u00e4 ja arvoja paremmin. <\/p><\/div><\/div>\t\t\t\t<\/div>\n\t\t\t\t<\/div>\n\t\t\t\t\t<\/div>\n\t\t<\/div>\n\t\t\t\t\t<\/div>\n\t\t<\/section>\n\t\t\t\t\t<\/div>\n\t\t<\/div>\n\t\t\t\t\t<\/div>\n\t\t<\/section>\n\t\t\t\t<\/div>\n\t\t","protected":false},"excerpt":{"rendered":"<p>Tuotokset &#038; Tulokset \u201dTool4aLLs\u201d on digitaalinen ty\u00f6kalupakki lukutaitoa ja kielitaitoa varten Ty\u00f6kalupakki antaa mahdollisuuden laajentaa maahanmuuttajien, pakolaisten ja turvapaikanhakijoiden kanssa ty\u00f6skentelevien operaattoreiden ja kouluttajien tiet\u00e4myst\u00e4 digitaalisista v\u00e4lineist\u00e4 lukutaidon ja kielitaidon vahvistamista varten. Operaattorit tulevat antamaan pakolaisille ja turvapaikanhakijoille tarkoituksenmukaisia digitaalisia ty\u00f6kaluja elinik\u00e4isen oppimisen ja itseoppimisprosessin aktivoimiseksi is\u00e4nt\u00e4maan kielen oppimiseksi. K\u00e4sikirja yritt\u00e4jyyden ja yritystoiminnan helpottamiseksi K\u00e4sikirja [&hellip;]<\/p>\n","protected":false},"author":2,"featured_media":0,"parent":0,"menu_order":0,"comment_status":"closed","ping_status":"closed","template":"","meta":{"site-sidebar-layout":"no-sidebar","site-content-layout":"page-builder","ast-site-content-layout":"default","site-content-style":"default","site-sidebar-style":"default","ast-global-header-display":"","ast-banner-title-visibility":"","ast-main-header-display":"","ast-hfb-above-header-display":"","ast-hfb-below-header-display":"","ast-hfb-mobile-header-display":"","site-post-title":"disabled","ast-breadcrumbs-content":"","ast-featured-img":"disabled","footer-sml-layout":"","ast-disable-related-posts":"","theme-transparent-header-meta":"enabled","adv-header-id-meta":"","stick-header-meta":"","header-above-stick-meta":"","header-main-stick-meta":"","header-below-stick-meta":"","astra-migrate-meta-layouts":"default","ast-page-background-enabled":"default","ast-page-background-meta":{"desktop":{"background-color":"","background-image":"","background-repeat":"repeat","background-position":"center center","background-size":"auto","background-attachment":"scroll","background-type":"","background-media":"","overlay-type":"","overlay-color":"","overlay-opacity":"","overlay-gradient":""},"tablet":{"background-color":"","background-image":"","background-repeat":"repeat","background-position":"center center","background-size":"auto","background-attachment":"scroll","background-type":"","background-media":"","overlay-type":"","overlay-color":"","overlay-opacity":"","overlay-gradient":""},"mobile":{"background-color":"","background-image":"","background-repeat":"repeat","background-position":"center center","background-size":"auto","background-attachment":"scroll","background-type":"","background-media":"","overlay-type":"","overlay-color":"","overlay-opacity":"","overlay-gradient":""}},"ast-content-background-meta":{"desktop":{"background-color":"var(--ast-global-color-5)","background-image":"","background-repeat":"repeat","background-position":"center center","background-size":"auto","background-attachment":"scroll","background-type":"","background-media":"","overlay-type":"","overlay-color":"","overlay-opacity":"","overlay-gradient":""},"tablet":{"background-color":"var(--ast-global-color-5)","background-image":"","background-repeat":"repeat","background-position":"center center","background-size":"auto","background-attachment":"scroll","background-type":"","background-media":"","overlay-type":"","overlay-color":"","overlay-opacity":"","overlay-gradient":""},"mobile":{"background-color":"var(--ast-global-color-5)","background-image":"","background-repeat":"repeat","background-position":"center center","background-size":"auto","background-attachment":"scroll","background-type":"","background-media":"","overlay-type":"","overlay-color":"","overlay-opacity":"","overlay-gradient":""}},"footnotes":""},"class_list":["post-1028","page","type-page","status-publish","hentry"],"_links":{"self":[{"href":"https:\/\/www.integraction.eu\/index.php\/wp-json\/wp\/v2\/pages\/1028","targetHints":{"allow":["GET"]}}],"collection":[{"href":"https:\/\/www.integraction.eu\/index.php\/wp-json\/wp\/v2\/pages"}],"about":[{"href":"https:\/\/www.integraction.eu\/index.php\/wp-json\/wp\/v2\/types\/page"}],"author":[{"embeddable":true,"href":"https:\/\/www.integraction.eu\/index.php\/wp-json\/wp\/v2\/users\/2"}],"replies":[{"embeddable":true,"href":"https:\/\/www.integraction.eu\/index.php\/wp-json\/wp\/v2\/comments?post=1028"}],"version-history":[{"count":7,"href":"https:\/\/www.integraction.eu\/index.php\/wp-json\/wp\/v2\/pages\/1028\/revisions"}],"predecessor-version":[{"id":3602,"href":"https:\/\/www.integraction.eu\/index.php\/wp-json\/wp\/v2\/pages\/1028\/revisions\/3602"}],"wp:attachment":[{"href":"https:\/\/www.integraction.eu\/index.php\/wp-json\/wp\/v2\/media?parent=1028"}],"curies":[{"name":"wp","href":"https:\/\/api.w.org\/{rel}","templated":true}]}}