{"id":3719,"date":"2022-07-15T07:41:11","date_gmt":"2022-07-15T07:41:11","guid":{"rendered":"https:\/\/www.integraction.eu\/?page_id=3719"},"modified":"2022-09-16T07:13:16","modified_gmt":"2022-09-16T07:13:16","slug":"webdoc_it","status":"publish","type":"page","link":"https:\/\/www.integraction.eu\/index.php\/it\/webdoc_it\/","title":{"rendered":"Webdoc_it"},"content":{"rendered":"\t\t<div data-elementor-type=\"wp-page\" data-elementor-id=\"3719\" class=\"elementor elementor-3719\" data-elementor-post-type=\"page\">\n\t\t\t\t\t\t<section class=\"has_eae_slider elementor-section elementor-top-section elementor-element elementor-element-b6d809c elementor-section-boxed elementor-section-height-default elementor-section-height-default\" data-eae-slider=\"27562\" data-id=\"b6d809c\" data-element_type=\"section\" data-e-type=\"section\">\n\t\t\t\t\t\t<div class=\"elementor-container elementor-column-gap-default\">\n\t\t\t\t\t<div class=\"has_eae_slider elementor-column elementor-col-100 elementor-top-column elementor-element elementor-element-fac3fb3\" data-eae-slider=\"3675\" data-id=\"fac3fb3\" data-element_type=\"column\" data-e-type=\"column\">\n\t\t\t<div class=\"elementor-widget-wrap\">\n\t\t\t\t\t\t\t<\/div>\n\t\t<\/div>\n\t\t\t\t\t<\/div>\n\t\t<\/section>\n\t\t\t\t<section class=\"has_eae_slider elementor-section elementor-top-section elementor-element elementor-element-b7f4cb5 elementor-section-boxed elementor-section-height-default elementor-section-height-default\" data-eae-slider=\"37014\" data-id=\"b7f4cb5\" data-element_type=\"section\" data-e-type=\"section\">\n\t\t\t\t\t\t<div class=\"elementor-container elementor-column-gap-default\">\n\t\t\t\t\t<div class=\"has_eae_slider elementor-column elementor-col-100 elementor-top-column elementor-element elementor-element-45b2b07\" data-eae-slider=\"66858\" data-id=\"45b2b07\" data-element_type=\"column\" data-e-type=\"column\">\n\t\t\t<div class=\"elementor-widget-wrap elementor-element-populated\">\n\t\t\t\t\t\t<div class=\"elementor-element elementor-element-4c8a23a elementor-widget elementor-widget-spacer\" data-id=\"4c8a23a\" data-element_type=\"widget\" data-e-type=\"widget\" data-widget_type=\"spacer.default\">\n\t\t\t\t<div class=\"elementor-widget-container\">\n\t\t\t\t\t\t\t<div class=\"elementor-spacer\">\n\t\t\t<div class=\"elementor-spacer-inner\"><\/div>\n\t\t<\/div>\n\t\t\t\t\t\t<\/div>\n\t\t\t\t<\/div>\n\t\t\t\t<div class=\"elementor-element elementor-element-6d17332 elementor-widget elementor-widget-heading\" data-id=\"6d17332\" data-element_type=\"widget\" data-e-type=\"widget\" data-widget_type=\"heading.default\">\n\t\t\t\t<div class=\"elementor-widget-container\">\n\t\t\t\t\t<h2 class=\"elementor-heading-title elementor-size-default\">codice progetto 2019-1-IT02-KA204-063302<\/h2>\t\t\t\t<\/div>\n\t\t\t\t<\/div>\n\t\t\t\t<div class=\"elementor-element elementor-element-ef144db elementor-widget elementor-widget-text-editor\" data-id=\"ef144db\" data-element_type=\"widget\" data-e-type=\"widget\" data-widget_type=\"text-editor.default\">\n\t\t\t\t<div class=\"elementor-widget-container\">\n\t\t\t\t\t\t\t\t\t<p>L&#8217;Intellectual Output 3 \u201cWebdoc \u2013 Migrant Diaries\u201d \u00e8\u00a0 stato ideato per dare agli\u00a0 stranieri presenti in Italia ed in uropa uno strumento per raccontare se stessi, la propria storia di vita e combattere luoghi comuni e stereotipi. Lo scopo del webdoc \u00e8 di contribuire al miglioramento della comprensione critica delle comunit\u00e0 locali delle problematiche migratorie e della complessit\u00e0 dei processi di integrazione.<\/p><p>La galleria include video dall\u2019 Italia, Germania, Grecia e Finlandia di storie\u00a0 realmente accadute che affrontano temi come: imprenditorialit\u00e0, identit\u00e0, discriminazione, inclusione sociale, integrazione, viaggi, diritti umani, razzismo, ecc.<\/p><h4>La galleria vuole quindi:<\/h4><div><table width=\"553\"><tbody><tr><td width=\"260\"><p>\u2013 sviluppare consapevolezza sui diritti di rifugiati, richiedenti asilo e immigrati al fine di rafforzare il processo di integrazione<\/p><p>\u2013 supportare nel cambiamento di comportamenti che riflettano un atteggiamento positivo nei confronti degli stranieri<\/p><p>\u2013 migliorare la conoscenza delle diverse culture<\/p><p>\u2013 stimolare l&#8217;equit\u00e0, la coesione sociale e la cittadinanza attiva nelle comunit\u00e0 locali<\/p><\/td><\/tr><\/tbody><\/table><\/div>\t\t\t\t\t\t\t\t<\/div>\n\t\t\t\t<\/div>\n\t\t\t\t\t<\/div>\n\t\t<\/div>\n\t\t\t\t\t<\/div>\n\t\t<\/section>\n\t\t\t\t<section class=\"has_eae_slider elementor-section elementor-top-section elementor-element elementor-element-cbe1b52 elementor-section-boxed elementor-section-height-default elementor-section-height-default\" data-eae-slider=\"20572\" data-id=\"cbe1b52\" data-element_type=\"section\" data-e-type=\"section\">\n\t\t\t\t\t\t<div class=\"elementor-container elementor-column-gap-default\">\n\t\t\t\t\t<div class=\"has_eae_slider elementor-column elementor-col-20 elementor-top-column elementor-element elementor-element-ac3a5b5\" data-eae-slider=\"90453\" data-id=\"ac3a5b5\" data-element_type=\"column\" data-e-type=\"column\">\n\t\t\t<div class=\"elementor-widget-wrap elementor-element-populated\">\n\t\t\t\t\t\t<div class=\"elementor-element elementor-element-faeb753 elementor-widget elementor-widget-text-editor\" data-id=\"faeb753\" data-element_type=\"widget\" data-e-type=\"widget\" data-widget_type=\"text-editor.default\">\n\t\t\t\t<div class=\"elementor-widget-container\">\n\t\t\t\t\t\t\t\t\t<p style=\"text-align: left;\"><span style=\"color: #333333;\">Watch video in:<\/span><\/p>\t\t\t\t\t\t\t\t<\/div>\n\t\t\t\t<\/div>\n\t\t\t\t\t<\/div>\n\t\t<\/div>\n\t\t\t\t<div class=\"has_eae_slider elementor-column elementor-col-20 elementor-top-column elementor-element elementor-element-254084e\" data-eae-slider=\"30481\" data-id=\"254084e\" data-element_type=\"column\" data-e-type=\"column\">\n\t\t\t<div class=\"elementor-widget-wrap elementor-element-populated\">\n\t\t\t\t\t\t<div class=\"elementor-element elementor-element-03daa7b elementor-widget elementor-widget-image\" data-id=\"03daa7b\" data-element_type=\"widget\" data-e-type=\"widget\" data-widget_type=\"image.default\">\n\t\t\t\t<div class=\"elementor-widget-container\">\n\t\t\t\t\t\t\t\t\t\t\t\t\t\t\t\t<a href=\"https:\/\/www.integraction.eu\/index.php\/el\/webdoc_gr\/\" target=\"_blank\">\n\t\t\t\t\t\t\t<img fetchpriority=\"high\" decoding=\"async\" width=\"723\" height=\"604\" src=\"https:\/\/www.integraction.eu\/wp-content\/uploads\/2020\/10\/desk-research-02.jpg\" class=\"elementor-animation-grow attachment-large size-large wp-image-1637\" alt=\"\" srcset=\"https:\/\/www.integraction.eu\/wp-content\/uploads\/2020\/10\/desk-research-02.jpg 723w, https:\/\/www.integraction.eu\/wp-content\/uploads\/2020\/10\/desk-research-02-300x251.jpg 300w\" sizes=\"(max-width: 723px) 100vw, 723px\" \/>\t\t\t\t\t\t\t\t<\/a>\n\t\t\t\t\t\t\t\t\t\t\t\t\t\t\t<\/div>\n\t\t\t\t<\/div>\n\t\t\t\t<div class=\"elementor-element elementor-element-20e6d80 elementor-widget elementor-widget-text-editor\" data-id=\"20e6d80\" data-element_type=\"widget\" data-e-type=\"widget\" data-widget_type=\"text-editor.default\">\n\t\t\t\t<div class=\"elementor-widget-container\">\n\t\t\t\t\t\t\t\t\t<p style=\"text-align: center;\"><a href=\"https:\/\/vimeo.com\/537240180\" target=\"_blank\" rel=\"noopener\"><span style=\"color: #333333;\">Greek<\/span><\/a><\/p>\t\t\t\t\t\t\t\t<\/div>\n\t\t\t\t<\/div>\n\t\t\t\t\t<\/div>\n\t\t<\/div>\n\t\t\t\t<div class=\"has_eae_slider elementor-column elementor-col-20 elementor-top-column elementor-element elementor-element-23ad6c0\" data-eae-slider=\"2715\" data-id=\"23ad6c0\" data-element_type=\"column\" data-e-type=\"column\">\n\t\t\t<div class=\"elementor-widget-wrap elementor-element-populated\">\n\t\t\t\t\t\t<div class=\"elementor-element elementor-element-1097da2 elementor-widget elementor-widget-image\" data-id=\"1097da2\" data-element_type=\"widget\" data-e-type=\"widget\" data-widget_type=\"image.default\">\n\t\t\t\t<div class=\"elementor-widget-container\">\n\t\t\t\t\t\t\t\t\t\t\t\t\t\t\t\t<a href=\"https:\/\/www.integraction.eu\/index.php\/it\/webdocvideosit\" target=\"_blank\">\n\t\t\t\t\t\t\t<img decoding=\"async\" width=\"724\" height=\"604\" src=\"https:\/\/www.integraction.eu\/wp-content\/uploads\/2020\/10\/desk-research-03.jpg\" class=\"elementor-animation-grow attachment-large size-large wp-image-1638\" alt=\"\" srcset=\"https:\/\/www.integraction.eu\/wp-content\/uploads\/2020\/10\/desk-research-03.jpg 724w, https:\/\/www.integraction.eu\/wp-content\/uploads\/2020\/10\/desk-research-03-300x250.jpg 300w\" sizes=\"(max-width: 724px) 100vw, 724px\" \/>\t\t\t\t\t\t\t\t<\/a>\n\t\t\t\t\t\t\t\t\t\t\t\t\t\t\t<\/div>\n\t\t\t\t<\/div>\n\t\t\t\t<div class=\"elementor-element elementor-element-6199d6a elementor-widget elementor-widget-text-editor\" data-id=\"6199d6a\" data-element_type=\"widget\" data-e-type=\"widget\" data-widget_type=\"text-editor.default\">\n\t\t\t\t<div class=\"elementor-widget-container\">\n\t\t\t\t\t\t\t\t\t<p style=\"text-align: center;\"><a href=\"https:\/\/vimeo.com\/537240325\" target=\"_blank\" rel=\"noopener\"><span style=\"color: #333333;\">Italian<\/span><\/a><\/p>\t\t\t\t\t\t\t\t<\/div>\n\t\t\t\t<\/div>\n\t\t\t\t\t<\/div>\n\t\t<\/div>\n\t\t\t\t<div class=\"has_eae_slider elementor-column elementor-col-20 elementor-top-column elementor-element elementor-element-eb2fdf3\" data-eae-slider=\"48474\" data-id=\"eb2fdf3\" data-element_type=\"column\" data-e-type=\"column\">\n\t\t\t<div class=\"elementor-widget-wrap elementor-element-populated\">\n\t\t\t\t\t\t<div class=\"elementor-element elementor-element-0524991 elementor-widget elementor-widget-image\" data-id=\"0524991\" data-element_type=\"widget\" data-e-type=\"widget\" data-widget_type=\"image.default\">\n\t\t\t\t<div class=\"elementor-widget-container\">\n\t\t\t\t\t\t\t\t\t\t\t\t\t\t\t\t<a href=\"https:\/\/www.integraction.eu\/index.php\/fi\/webdoc_fin\/\" target=\"_blank\">\n\t\t\t\t\t\t\t<img decoding=\"async\" width=\"724\" height=\"604\" src=\"https:\/\/www.integraction.eu\/wp-content\/uploads\/2020\/10\/desk-research-04.jpg\" class=\"elementor-animation-grow attachment-large size-large wp-image-1639\" alt=\"\" srcset=\"https:\/\/www.integraction.eu\/wp-content\/uploads\/2020\/10\/desk-research-04.jpg 724w, https:\/\/www.integraction.eu\/wp-content\/uploads\/2020\/10\/desk-research-04-300x250.jpg 300w\" sizes=\"(max-width: 724px) 100vw, 724px\" \/>\t\t\t\t\t\t\t\t<\/a>\n\t\t\t\t\t\t\t\t\t\t\t\t\t\t\t<\/div>\n\t\t\t\t<\/div>\n\t\t\t\t<div class=\"elementor-element elementor-element-7ddd572 elementor-widget elementor-widget-text-editor\" data-id=\"7ddd572\" data-element_type=\"widget\" data-e-type=\"widget\" data-widget_type=\"text-editor.default\">\n\t\t\t\t<div class=\"elementor-widget-container\">\n\t\t\t\t\t\t\t\t\t<p style=\"text-align: center;\"><a href=\"https:\/\/vimeo.com\/537240014\" target=\"_blank\" rel=\"noopener\"><span style=\"color: #333333;\">Finnish<\/span><\/a><\/p>\t\t\t\t\t\t\t\t<\/div>\n\t\t\t\t<\/div>\n\t\t\t\t\t<\/div>\n\t\t<\/div>\n\t\t\t\t<div class=\"has_eae_slider elementor-column elementor-col-20 elementor-top-column elementor-element elementor-element-b4087d9\" data-eae-slider=\"59885\" data-id=\"b4087d9\" data-element_type=\"column\" data-e-type=\"column\">\n\t\t\t<div class=\"elementor-widget-wrap elementor-element-populated\">\n\t\t\t\t\t\t<div class=\"elementor-element elementor-element-f49fb67 elementor-widget elementor-widget-image\" data-id=\"f49fb67\" data-element_type=\"widget\" data-e-type=\"widget\" data-widget_type=\"image.default\">\n\t\t\t\t<div class=\"elementor-widget-container\">\n\t\t\t\t\t\t\t\t\t\t\t\t\t\t\t\t<a href=\"https:\/\/www.integraction.eu\/index.php\/de\/webdoc_ger\/\" target=\"_blank\">\n\t\t\t\t\t\t\t<img loading=\"lazy\" decoding=\"async\" width=\"723\" height=\"604\" src=\"https:\/\/www.integraction.eu\/wp-content\/uploads\/2020\/10\/desk-research-05.jpg\" class=\"elementor-animation-grow attachment-large size-large wp-image-1640\" alt=\"\" srcset=\"https:\/\/www.integraction.eu\/wp-content\/uploads\/2020\/10\/desk-research-05.jpg 723w, https:\/\/www.integraction.eu\/wp-content\/uploads\/2020\/10\/desk-research-05-300x251.jpg 300w\" sizes=\"(max-width: 723px) 100vw, 723px\" \/>\t\t\t\t\t\t\t\t<\/a>\n\t\t\t\t\t\t\t\t\t\t\t\t\t\t\t<\/div>\n\t\t\t\t<\/div>\n\t\t\t\t<div class=\"elementor-element elementor-element-b9b84ff elementor-widget elementor-widget-text-editor\" data-id=\"b9b84ff\" data-element_type=\"widget\" data-e-type=\"widget\" data-widget_type=\"text-editor.default\">\n\t\t\t\t<div class=\"elementor-widget-container\">\n\t\t\t\t\t\t\t\t\t<p style=\"text-align: center;\"><a href=\"https:\/\/vimeo.com\/537239695\" target=\"_blank\" rel=\"noopener\"><span style=\"color: #333333;\">German<\/span><\/a><\/p>\t\t\t\t\t\t\t\t<\/div>\n\t\t\t\t<\/div>\n\t\t\t\t\t<\/div>\n\t\t<\/div>\n\t\t\t\t\t<\/div>\n\t\t<\/section>\n\t\t\t\t<\/div>\n\t\t","protected":false},"excerpt":{"rendered":"<p>codice progetto 2019-1-IT02-KA204-063302 L&#8217;Intellectual Output 3 \u201cWebdoc \u2013 Migrant Diaries\u201d \u00e8\u00a0 stato ideato per dare agli\u00a0 stranieri presenti in Italia ed in uropa uno strumento per raccontare se stessi, la propria storia di vita e combattere luoghi comuni e stereotipi. Lo scopo del webdoc \u00e8 di contribuire al miglioramento della comprensione critica delle comunit\u00e0 locali [&hellip;]<\/p>\n","protected":false},"author":6,"featured_media":0,"parent":0,"menu_order":0,"comment_status":"closed","ping_status":"closed","template":"","meta":{"site-sidebar-layout":"no-sidebar","site-content-layout":"page-builder","ast-site-content-layout":"default","site-content-style":"default","site-sidebar-style":"default","ast-global-header-display":"","ast-banner-title-visibility":"","ast-main-header-display":"","ast-hfb-above-header-display":"","ast-hfb-below-header-display":"","ast-hfb-mobile-header-display":"","site-post-title":"disabled","ast-breadcrumbs-content":"","ast-featured-img":"disabled","footer-sml-layout":"","ast-disable-related-posts":"","theme-transparent-header-meta":"default","adv-header-id-meta":"","stick-header-meta":"","header-above-stick-meta":"","header-main-stick-meta":"","header-below-stick-meta":"","astra-migrate-meta-layouts":"default","ast-page-background-enabled":"default","ast-page-background-meta":{"desktop":{"background-color":"","background-image":"","background-repeat":"repeat","background-position":"center center","background-size":"auto","background-attachment":"scroll","background-type":"","background-media":"","overlay-type":"","overlay-color":"","overlay-opacity":"","overlay-gradient":""},"tablet":{"background-color":"","background-image":"","background-repeat":"repeat","background-position":"center center","background-size":"auto","background-attachment":"scroll","background-type":"","background-media":"","overlay-type":"","overlay-color":"","overlay-opacity":"","overlay-gradient":""},"mobile":{"background-color":"","background-image":"","background-repeat":"repeat","background-position":"center center","background-size":"auto","background-attachment":"scroll","background-type":"","background-media":"","overlay-type":"","overlay-color":"","overlay-opacity":"","overlay-gradient":""}},"ast-content-background-meta":{"desktop":{"background-color":"var(--ast-global-color-5)","background-image":"","background-repeat":"repeat","background-position":"center center","background-size":"auto","background-attachment":"scroll","background-type":"","background-media":"","overlay-type":"","overlay-color":"","overlay-opacity":"","overlay-gradient":""},"tablet":{"background-color":"var(--ast-global-color-5)","background-image":"","background-repeat":"repeat","background-position":"center center","background-size":"auto","background-attachment":"scroll","background-type":"","background-media":"","overlay-type":"","overlay-color":"","overlay-opacity":"","overlay-gradient":""},"mobile":{"background-color":"var(--ast-global-color-5)","background-image":"","background-repeat":"repeat","background-position":"center center","background-size":"auto","background-attachment":"scroll","background-type":"","background-media":"","overlay-type":"","overlay-color":"","overlay-opacity":"","overlay-gradient":""}},"footnotes":""},"class_list":["post-3719","page","type-page","status-publish","hentry"],"_links":{"self":[{"href":"https:\/\/www.integraction.eu\/index.php\/wp-json\/wp\/v2\/pages\/3719","targetHints":{"allow":["GET"]}}],"collection":[{"href":"https:\/\/www.integraction.eu\/index.php\/wp-json\/wp\/v2\/pages"}],"about":[{"href":"https:\/\/www.integraction.eu\/index.php\/wp-json\/wp\/v2\/types\/page"}],"author":[{"embeddable":true,"href":"https:\/\/www.integraction.eu\/index.php\/wp-json\/wp\/v2\/users\/6"}],"replies":[{"embeddable":true,"href":"https:\/\/www.integraction.eu\/index.php\/wp-json\/wp\/v2\/comments?post=3719"}],"version-history":[{"count":7,"href":"https:\/\/www.integraction.eu\/index.php\/wp-json\/wp\/v2\/pages\/3719\/revisions"}],"predecessor-version":[{"id":3903,"href":"https:\/\/www.integraction.eu\/index.php\/wp-json\/wp\/v2\/pages\/3719\/revisions\/3903"}],"wp:attachment":[{"href":"https:\/\/www.integraction.eu\/index.php\/wp-json\/wp\/v2\/media?parent=3719"}],"curies":[{"name":"wp","href":"https:\/\/api.w.org\/{rel}","templated":true}]}}