{"id":69,"date":"2020-04-04T20:40:37","date_gmt":"2020-04-04T20:40:37","guid":{"rendered":"https:\/\/www.integraction.eu\/?page_id=69"},"modified":"2022-03-24T09:32:17","modified_gmt":"2022-03-24T09:32:17","slug":"news-events","status":"publish","type":"page","link":"https:\/\/www.integraction.eu\/index.php\/news-events\/","title":{"rendered":"News &#038; Events"},"content":{"rendered":"\t\t<div data-elementor-type=\"wp-page\" data-elementor-id=\"69\" class=\"elementor elementor-69\" data-elementor-post-type=\"page\">\n\t\t\t\t\t\t<section class=\"has_eae_slider elementor-section elementor-top-section elementor-element elementor-element-1821c49a elementor-section-content-bottom elementor-section-boxed elementor-section-height-default elementor-section-height-default\" data-eae-slider=\"19783\" data-id=\"1821c49a\" data-element_type=\"section\" data-e-type=\"section\" data-settings=\"{&quot;background_background&quot;:&quot;classic&quot;}\">\n\t\t\t\t\t\t\t<div class=\"elementor-background-overlay\"><\/div>\n\t\t\t\t\t\t\t<div class=\"elementor-container elementor-column-gap-no\">\n\t\t\t\t\t<div class=\"has_eae_slider elementor-column elementor-col-100 elementor-top-column elementor-element elementor-element-5e873e90\" data-eae-slider=\"41405\" data-id=\"5e873e90\" data-element_type=\"column\" data-e-type=\"column\">\n\t\t\t<div class=\"elementor-widget-wrap elementor-element-populated\">\n\t\t\t\t\t\t<div class=\"elementor-element elementor-element-48354ce6 elementor-widget elementor-widget-heading\" data-id=\"48354ce6\" data-element_type=\"widget\" data-e-type=\"widget\" data-widget_type=\"heading.default\">\n\t\t\t\t<div class=\"elementor-widget-container\">\n\t\t\t\t\t<h1 class=\"elementor-heading-title elementor-size-default\">news &amp; events<\/h1>\t\t\t\t<\/div>\n\t\t\t\t<\/div>\n\t\t\t\t\t<\/div>\n\t\t<\/div>\n\t\t\t\t\t<\/div>\n\t\t<\/section>\n\t\t\t\t<section class=\"has_eae_slider elementor-section elementor-top-section elementor-element elementor-element-23ace2f elementor-section-height-min-height elementor-section-boxed elementor-section-height-default elementor-section-items-middle\" data-eae-slider=\"19562\" data-id=\"23ace2f\" data-element_type=\"section\" data-e-type=\"section\">\n\t\t\t\t\t\t<div class=\"elementor-container elementor-column-gap-default\">\n\t\t\t\t\t<div class=\"has_eae_slider elementor-column elementor-col-100 elementor-top-column elementor-element elementor-element-31f83a9\" data-eae-slider=\"34949\" data-id=\"31f83a9\" data-element_type=\"column\" data-e-type=\"column\">\n\t\t\t<div class=\"elementor-widget-wrap elementor-element-populated\">\n\t\t\t\t\t\t<div class=\"elementor-element elementor-element-bf89673 elementor-grid-3 elementor-grid-tablet-2 elementor-grid-mobile-1 elementor-posts--thumbnail-top elementor-card-shadow-yes elementor-posts__hover-gradient elementor-widget elementor-widget-posts\" data-id=\"bf89673\" data-element_type=\"widget\" data-e-type=\"widget\" data-settings=\"{&quot;pagination_type&quot;:&quot;prev_next&quot;,&quot;cards_columns&quot;:&quot;3&quot;,&quot;cards_columns_tablet&quot;:&quot;2&quot;,&quot;cards_columns_mobile&quot;:&quot;1&quot;,&quot;cards_row_gap&quot;:{&quot;unit&quot;:&quot;px&quot;,&quot;size&quot;:35,&quot;sizes&quot;:[]},&quot;cards_row_gap_tablet&quot;:{&quot;unit&quot;:&quot;px&quot;,&quot;size&quot;:&quot;&quot;,&quot;sizes&quot;:[]},&quot;cards_row_gap_mobile&quot;:{&quot;unit&quot;:&quot;px&quot;,&quot;size&quot;:&quot;&quot;,&quot;sizes&quot;:[]}}\" data-widget_type=\"posts.cards\">\n\t\t\t\t<div class=\"elementor-widget-container\">\n\t\t\t\t\t\t\t<div class=\"elementor-posts-container elementor-posts elementor-posts--skin-cards elementor-grid\" role=\"list\">\n\t\t\t\t<article class=\"elementor-post elementor-grid-item post-3420 post type-post status-publish format-standard has-post-thumbnail hentry category-uncategorized-fi tag-news-fi\" role=\"listitem\">\n\t\t\t<div class=\"elementor-post__card\">\n\t\t\t\t<a class=\"elementor-post__thumbnail__link\" href=\"https:\/\/www.integraction.eu\/index.php\/fi\/2022\/09\/14\/pakolaisten-tukeminen-kieltenopiskelussa-ja-yrittajyydessa\/\" tabindex=\"-1\"><div class=\"elementor-post__thumbnail\"><img fetchpriority=\"high\" decoding=\"async\" width=\"2560\" height=\"1920\" src=\"https:\/\/www.integraction.eu\/wp-content\/uploads\/2022\/02\/IMG_20210923_213111_2-scaled.jpg\" class=\"attachment-full size-full wp-image-3417\" alt=\"\" srcset=\"https:\/\/www.integraction.eu\/wp-content\/uploads\/2022\/02\/IMG_20210923_213111_2-scaled.jpg 2560w, https:\/\/www.integraction.eu\/wp-content\/uploads\/2022\/02\/IMG_20210923_213111_2-300x225.jpg 300w, https:\/\/www.integraction.eu\/wp-content\/uploads\/2022\/02\/IMG_20210923_213111_2-1024x768.jpg 1024w, https:\/\/www.integraction.eu\/wp-content\/uploads\/2022\/02\/IMG_20210923_213111_2-768x576.jpg 768w, https:\/\/www.integraction.eu\/wp-content\/uploads\/2022\/02\/IMG_20210923_213111_2-1536x1152.jpg 1536w, https:\/\/www.integraction.eu\/wp-content\/uploads\/2022\/02\/IMG_20210923_213111_2-2048x1536.jpg 2048w\" sizes=\"(max-width: 2560px) 100vw, 2560px\" \/><\/div><\/a>\n\t\t\t\t<div class=\"elementor-post__badge\">Uncategorized<\/div>\n\t\t\t\t<div class=\"elementor-post__text\">\n\t\t\t\t<h3 class=\"elementor-post__title\">\n\t\t\t<a href=\"https:\/\/www.integraction.eu\/index.php\/fi\/2022\/09\/14\/pakolaisten-tukeminen-kieltenopiskelussa-ja-yrittajyydessa\/\">\n\t\t\t\tPakolaisten tukeminen kieltenopiskelussa ja yritt\u00e4jyydess\u00e4\t\t\t<\/a>\n\t\t<\/h3>\n\t\t\t\t<div class=\"elementor-post__excerpt\">\n\t\t\t<p>Learnmera Oy Espoosta, Suomesta esittelee projektin IntegrAction &#8211; Action for socio-economic integration of refugees and asylum seekers. IntegrAction on Erasmus+-rahoituksella tuettu projekti, jossa ty\u00f6skentelev\u00e4t viisi<\/p>\n\t\t<\/div>\n\t\t\n\t\t<a class=\"elementor-post__read-more\" href=\"https:\/\/www.integraction.eu\/index.php\/fi\/2022\/09\/14\/pakolaisten-tukeminen-kieltenopiskelussa-ja-yrittajyydessa\/\" aria-label=\"Read more about Pakolaisten tukeminen kieltenopiskelussa ja yritt\u00e4jyydess\u00e4\" tabindex=\"-1\">\n\t\t\tRead More \u00bb\t\t<\/a>\n\n\t\t\t\t<\/div>\n\t\t\t\t<div class=\"elementor-post__meta-data\">\n\t\t\t\t\t<span class=\"elementor-post-date\">\n\t\t\tSeptember 14, 2022\t\t<\/span>\n\t\t\t\t<\/div>\n\t\t\t\t\t<\/div>\n\t\t<\/article>\n\t\t\t\t<article class=\"elementor-post elementor-grid-item post-3874 post type-post status-publish format-standard has-post-thumbnail hentry category-uncategorized-fi\" role=\"listitem\">\n\t\t\t<div class=\"elementor-post__card\">\n\t\t\t\t<a class=\"elementor-post__thumbnail__link\" href=\"https:\/\/www.integraction.eu\/index.php\/fi\/2022\/08\/24\/newsletter-1-4\/\" tabindex=\"-1\"><div class=\"elementor-post__thumbnail\"><img decoding=\"async\" width=\"792\" height=\"510\" src=\"https:\/\/www.integraction.eu\/wp-content\/uploads\/2022\/08\/Newsletter1English-3.jpg\" class=\"attachment-full size-full wp-image-3875\" alt=\"\" srcset=\"https:\/\/www.integraction.eu\/wp-content\/uploads\/2022\/08\/Newsletter1English-3.jpg 792w, https:\/\/www.integraction.eu\/wp-content\/uploads\/2022\/08\/Newsletter1English-3-300x193.jpg 300w, https:\/\/www.integraction.eu\/wp-content\/uploads\/2022\/08\/Newsletter1English-3-768x495.jpg 768w\" sizes=\"(max-width: 792px) 100vw, 792px\" \/><\/div><\/a>\n\t\t\t\t<div class=\"elementor-post__badge\">Uncategorized<\/div>\n\t\t\t\t<div class=\"elementor-post__text\">\n\t\t\t\t<h3 class=\"elementor-post__title\">\n\t\t\t<a href=\"https:\/\/www.integraction.eu\/index.php\/fi\/2022\/08\/24\/newsletter-1-4\/\">\n\t\t\t\tNewsletter 1\t\t\t<\/a>\n\t\t<\/h3>\n\t\t\t\t<div class=\"elementor-post__excerpt\">\n\t\t\t<p>Newsletter 1.<\/p>\n\t\t<\/div>\n\t\t\n\t\t<a class=\"elementor-post__read-more\" href=\"https:\/\/www.integraction.eu\/index.php\/fi\/2022\/08\/24\/newsletter-1-4\/\" aria-label=\"Read more about Newsletter 1\" tabindex=\"-1\">\n\t\t\tRead More \u00bb\t\t<\/a>\n\n\t\t\t\t<\/div>\n\t\t\t\t<div class=\"elementor-post__meta-data\">\n\t\t\t\t\t<span class=\"elementor-post-date\">\n\t\t\tAugust 24, 2022\t\t<\/span>\n\t\t\t\t<\/div>\n\t\t\t\t\t<\/div>\n\t\t<\/article>\n\t\t\t\t<article class=\"elementor-post elementor-grid-item post-3869 post type-post status-publish format-standard has-post-thumbnail hentry category-uncategorized-it\" role=\"listitem\">\n\t\t\t<div class=\"elementor-post__card\">\n\t\t\t\t<a class=\"elementor-post__thumbnail__link\" href=\"https:\/\/www.integraction.eu\/index.php\/it\/2022\/08\/24\/newsletter-1-3\/\" tabindex=\"-1\"><div class=\"elementor-post__thumbnail\"><img decoding=\"async\" width=\"792\" height=\"510\" src=\"https:\/\/www.integraction.eu\/wp-content\/uploads\/2022\/08\/Newsletter1English-2.jpg\" class=\"attachment-full size-full wp-image-3870\" alt=\"\" srcset=\"https:\/\/www.integraction.eu\/wp-content\/uploads\/2022\/08\/Newsletter1English-2.jpg 792w, https:\/\/www.integraction.eu\/wp-content\/uploads\/2022\/08\/Newsletter1English-2-300x193.jpg 300w, https:\/\/www.integraction.eu\/wp-content\/uploads\/2022\/08\/Newsletter1English-2-768x495.jpg 768w\" sizes=\"(max-width: 792px) 100vw, 792px\" \/><\/div><\/a>\n\t\t\t\t<div class=\"elementor-post__badge\">Uncategorized<\/div>\n\t\t\t\t<div class=\"elementor-post__text\">\n\t\t\t\t<h3 class=\"elementor-post__title\">\n\t\t\t<a href=\"https:\/\/www.integraction.eu\/index.php\/it\/2022\/08\/24\/newsletter-1-3\/\">\n\t\t\t\t\u039dewsletter 1\t\t\t<\/a>\n\t\t<\/h3>\n\t\t\t\t<div class=\"elementor-post__excerpt\">\n\t\t\t<p>Newsletter 1.<\/p>\n\t\t<\/div>\n\t\t\n\t\t<a class=\"elementor-post__read-more\" href=\"https:\/\/www.integraction.eu\/index.php\/it\/2022\/08\/24\/newsletter-1-3\/\" aria-label=\"Read more about \u039dewsletter 1\" tabindex=\"-1\">\n\t\t\tRead More \u00bb\t\t<\/a>\n\n\t\t\t\t<\/div>\n\t\t\t\t<div class=\"elementor-post__meta-data\">\n\t\t\t\t\t<span class=\"elementor-post-date\">\n\t\t\tAugust 24, 2022\t\t<\/span>\n\t\t\t\t<\/div>\n\t\t\t\t\t<\/div>\n\t\t<\/article>\n\t\t\t\t<article class=\"elementor-post elementor-grid-item post-3864 post type-post status-publish format-standard has-post-thumbnail hentry category-uncategorized-el\" role=\"listitem\">\n\t\t\t<div class=\"elementor-post__card\">\n\t\t\t\t<a class=\"elementor-post__thumbnail__link\" href=\"https:\/\/www.integraction.eu\/index.php\/el\/2022\/08\/24\/newsletter-1-2\/\" tabindex=\"-1\"><div class=\"elementor-post__thumbnail\"><img loading=\"lazy\" decoding=\"async\" width=\"792\" height=\"510\" src=\"https:\/\/www.integraction.eu\/wp-content\/uploads\/2022\/08\/Newsletter1English-1.jpg\" class=\"attachment-full size-full wp-image-3866\" alt=\"\" srcset=\"https:\/\/www.integraction.eu\/wp-content\/uploads\/2022\/08\/Newsletter1English-1.jpg 792w, https:\/\/www.integraction.eu\/wp-content\/uploads\/2022\/08\/Newsletter1English-1-300x193.jpg 300w, https:\/\/www.integraction.eu\/wp-content\/uploads\/2022\/08\/Newsletter1English-1-768x495.jpg 768w\" sizes=\"(max-width: 792px) 100vw, 792px\" \/><\/div><\/a>\n\t\t\t\t<div class=\"elementor-post__badge\">Uncategorized<\/div>\n\t\t\t\t<div class=\"elementor-post__text\">\n\t\t\t\t<h3 class=\"elementor-post__title\">\n\t\t\t<a href=\"https:\/\/www.integraction.eu\/index.php\/el\/2022\/08\/24\/newsletter-1-2\/\">\n\t\t\t\tNewsletter 1\t\t\t<\/a>\n\t\t<\/h3>\n\t\t\t\t<div class=\"elementor-post__excerpt\">\n\t\t\t<p>Newsletter 1.<\/p>\n\t\t<\/div>\n\t\t\n\t\t<a class=\"elementor-post__read-more\" href=\"https:\/\/www.integraction.eu\/index.php\/el\/2022\/08\/24\/newsletter-1-2\/\" aria-label=\"Read more about Newsletter 1\" tabindex=\"-1\">\n\t\t\tRead More \u00bb\t\t<\/a>\n\n\t\t\t\t<\/div>\n\t\t\t\t<div class=\"elementor-post__meta-data\">\n\t\t\t\t\t<span class=\"elementor-post-date\">\n\t\t\tAugust 24, 2022\t\t<\/span>\n\t\t\t\t<\/div>\n\t\t\t\t\t<\/div>\n\t\t<\/article>\n\t\t\t\t<article class=\"elementor-post elementor-grid-item post-3860 post type-post status-publish format-standard has-post-thumbnail hentry category-news\" role=\"listitem\">\n\t\t\t<div class=\"elementor-post__card\">\n\t\t\t\t<a class=\"elementor-post__thumbnail__link\" href=\"https:\/\/www.integraction.eu\/index.php\/2022\/08\/24\/newsletter-1\/\" tabindex=\"-1\"><div class=\"elementor-post__thumbnail\"><img loading=\"lazy\" decoding=\"async\" width=\"792\" height=\"510\" src=\"https:\/\/www.integraction.eu\/wp-content\/uploads\/2022\/08\/Newsletter1English.jpg\" class=\"attachment-full size-full wp-image-3862\" alt=\"\" srcset=\"https:\/\/www.integraction.eu\/wp-content\/uploads\/2022\/08\/Newsletter1English.jpg 792w, https:\/\/www.integraction.eu\/wp-content\/uploads\/2022\/08\/Newsletter1English-300x193.jpg 300w, https:\/\/www.integraction.eu\/wp-content\/uploads\/2022\/08\/Newsletter1English-768x495.jpg 768w\" sizes=\"(max-width: 792px) 100vw, 792px\" \/><\/div><\/a>\n\t\t\t\t<div class=\"elementor-post__badge\">news<\/div>\n\t\t\t\t<div class=\"elementor-post__text\">\n\t\t\t\t<h3 class=\"elementor-post__title\">\n\t\t\t<a href=\"https:\/\/www.integraction.eu\/index.php\/2022\/08\/24\/newsletter-1\/\">\n\t\t\t\tNewsletter 1\t\t\t<\/a>\n\t\t<\/h3>\n\t\t\t\t<div class=\"elementor-post__excerpt\">\n\t\t\t<p>Newsletter 1<\/p>\n\t\t<\/div>\n\t\t\n\t\t<a class=\"elementor-post__read-more\" href=\"https:\/\/www.integraction.eu\/index.php\/2022\/08\/24\/newsletter-1\/\" aria-label=\"Read more about Newsletter 1\" tabindex=\"-1\">\n\t\t\tRead More \u00bb\t\t<\/a>\n\n\t\t\t\t<\/div>\n\t\t\t\t<div class=\"elementor-post__meta-data\">\n\t\t\t\t\t<span class=\"elementor-post-date\">\n\t\t\tAugust 24, 2022\t\t<\/span>\n\t\t\t\t<\/div>\n\t\t\t\t\t<\/div>\n\t\t<\/article>\n\t\t\t\t<article class=\"elementor-post elementor-grid-item post-3847 post type-post status-publish format-standard has-post-thumbnail hentry category-uncategorized-de\" role=\"listitem\">\n\t\t\t<div class=\"elementor-post__card\">\n\t\t\t\t<a class=\"elementor-post__thumbnail__link\" href=\"https:\/\/www.integraction.eu\/index.php\/de\/2022\/08\/24\/tool-4alls-ein-neuestool-fuer-gefluechtete-und-asylerwerberinnen-fuer-den-erwerb-vonleseund-schreibkompetenze\/\" tabindex=\"-1\"><div class=\"elementor-post__thumbnail\"><img loading=\"lazy\" decoding=\"async\" width=\"908\" height=\"622\" src=\"https:\/\/www.integraction.eu\/wp-content\/uploads\/2022\/08\/Newsletter1.jpg\" class=\"attachment-full size-full wp-image-3848\" alt=\"\" srcset=\"https:\/\/www.integraction.eu\/wp-content\/uploads\/2022\/08\/Newsletter1.jpg 908w, https:\/\/www.integraction.eu\/wp-content\/uploads\/2022\/08\/Newsletter1-300x206.jpg 300w, https:\/\/www.integraction.eu\/wp-content\/uploads\/2022\/08\/Newsletter1-768x526.jpg 768w\" sizes=\"(max-width: 908px) 100vw, 908px\" \/><\/div><\/a>\n\t\t\t\t<div class=\"elementor-post__badge\">Uncategorized<\/div>\n\t\t\t\t<div class=\"elementor-post__text\">\n\t\t\t\t<h3 class=\"elementor-post__title\">\n\t\t\t<a href=\"https:\/\/www.integraction.eu\/index.php\/de\/2022\/08\/24\/tool-4alls-ein-neuestool-fuer-gefluechtete-und-asylerwerberinnen-fuer-den-erwerb-vonleseund-schreibkompetenze\/\">\n\t\t\t\tTOOL 4ALLS: EIN NEUESTOOL F\u00dcR GEFL\u00dcCHTETE UND ASYLERWERBERINNEN F\u00dcR DEN ERWERB VONLESEUND SCHREIBKOMPETENZE\t\t\t<\/a>\n\t\t<\/h3>\n\t\t\t\t<div class=\"elementor-post__excerpt\">\n\t\t\t<p>N e w s l e t t e r\u00a0 1 .<\/p>\n\t\t<\/div>\n\t\t\n\t\t<a class=\"elementor-post__read-more\" href=\"https:\/\/www.integraction.eu\/index.php\/de\/2022\/08\/24\/tool-4alls-ein-neuestool-fuer-gefluechtete-und-asylerwerberinnen-fuer-den-erwerb-vonleseund-schreibkompetenze\/\" aria-label=\"Read more about TOOL 4ALLS: EIN NEUESTOOL F\u00dcR GEFL\u00dcCHTETE UND ASYLERWERBERINNEN F\u00dcR DEN ERWERB VONLESEUND SCHREIBKOMPETENZE\" tabindex=\"-1\">\n\t\t\tRead More \u00bb\t\t<\/a>\n\n\t\t\t\t<\/div>\n\t\t\t\t<div class=\"elementor-post__meta-data\">\n\t\t\t\t\t<span class=\"elementor-post-date\">\n\t\t\tAugust 24, 2022\t\t<\/span>\n\t\t\t\t<\/div>\n\t\t\t\t\t<\/div>\n\t\t<\/article>\n\t\t\t\t<\/div>\n\t\t\n\t\t\t\t<div class=\"e-load-more-anchor\" data-page=\"1\" data-max-page=\"6\" data-next-page=\"https:\/\/www.integraction.eu\/index.php\/wp-json\/wp\/v2\/pages\/69\/page\/2\/\"><\/div>\n\t\t\t\t<nav class=\"elementor-pagination\" aria-label=\"Pagination\">\n\t\t\t<span class=\"page-numbers prev\">&laquo; Previous<\/span>\n<a class=\"page-numbers next\" href=\"https:\/\/www.integraction.eu\/index.php\/wp-json\/wp\/v2\/pages\/69\/page\/2\/\">Next &raquo;<\/a>\t\t<\/nav>\n\t\t\t\t\t\t<\/div>\n\t\t\t\t<\/div>\n\t\t\t\t\t<\/div>\n\t\t<\/div>\n\t\t\t\t\t<\/div>\n\t\t<\/section>\n\t\t\t\t<\/div>\n\t\t","protected":false},"excerpt":{"rendered":"<p>news &#038; events<\/p>\n","protected":false},"author":2,"featured_media":0,"parent":0,"menu_order":0,"comment_status":"closed","ping_status":"closed","template":"","meta":{"site-sidebar-layout":"no-sidebar","site-content-layout":"page-builder","ast-site-content-layout":"default","site-content-style":"default","site-sidebar-style":"default","ast-global-header-display":"","ast-banner-title-visibility":"","ast-main-header-display":"","ast-hfb-above-header-display":"","ast-hfb-below-header-display":"","ast-hfb-mobile-header-display":"","site-post-title":"disabled","ast-breadcrumbs-content":"","ast-featured-img":"disabled","footer-sml-layout":"","ast-disable-related-posts":"","theme-transparent-header-meta":"default","adv-header-id-meta":"","stick-header-meta":"","header-above-stick-meta":"","header-main-stick-meta":"","header-below-stick-meta":"","astra-migrate-meta-layouts":"default","ast-page-background-enabled":"default","ast-page-background-meta":{"desktop":{"background-color":"","background-image":"","background-repeat":"repeat","background-position":"center center","background-size":"auto","background-attachment":"scroll","background-type":"","background-media":"","overlay-type":"","overlay-color":"","overlay-opacity":"","overlay-gradient":""},"tablet":{"background-color":"","background-image":"","background-repeat":"repeat","background-position":"center center","background-size":"auto","background-attachment":"scroll","background-type":"","background-media":"","overlay-type":"","overlay-color":"","overlay-opacity":"","overlay-gradient":""},"mobile":{"background-color":"","background-image":"","background-repeat":"repeat","background-position":"center center","background-size":"auto","background-attachment":"scroll","background-type":"","background-media":"","overlay-type":"","overlay-color":"","overlay-opacity":"","overlay-gradient":""}},"ast-content-background-meta":{"desktop":{"background-color":"var(--ast-global-color-5)","background-image":"","background-repeat":"repeat","background-position":"center center","background-size":"auto","background-attachment":"scroll","background-type":"","background-media":"","overlay-type":"","overlay-color":"","overlay-opacity":"","overlay-gradient":""},"tablet":{"background-color":"var(--ast-global-color-5)","background-image":"","background-repeat":"repeat","background-position":"center center","background-size":"auto","background-attachment":"scroll","background-type":"","background-media":"","overlay-type":"","overlay-color":"","overlay-opacity":"","overlay-gradient":""},"mobile":{"background-color":"var(--ast-global-color-5)","background-image":"","background-repeat":"repeat","background-position":"center center","background-size":"auto","background-attachment":"scroll","background-type":"","background-media":"","overlay-type":"","overlay-color":"","overlay-opacity":"","overlay-gradient":""}},"footnotes":""},"class_list":["post-69","page","type-page","status-publish","hentry"],"_links":{"self":[{"href":"https:\/\/www.integraction.eu\/index.php\/wp-json\/wp\/v2\/pages\/69","targetHints":{"allow":["GET"]}}],"collection":[{"href":"https:\/\/www.integraction.eu\/index.php\/wp-json\/wp\/v2\/pages"}],"about":[{"href":"https:\/\/www.integraction.eu\/index.php\/wp-json\/wp\/v2\/types\/page"}],"author":[{"embeddable":true,"href":"https:\/\/www.integraction.eu\/index.php\/wp-json\/wp\/v2\/users\/2"}],"replies":[{"embeddable":true,"href":"https:\/\/www.integraction.eu\/index.php\/wp-json\/wp\/v2\/comments?post=69"}],"version-history":[{"count":4,"href":"https:\/\/www.integraction.eu\/index.php\/wp-json\/wp\/v2\/pages\/69\/revisions"}],"predecessor-version":[{"id":3548,"href":"https:\/\/www.integraction.eu\/index.php\/wp-json\/wp\/v2\/pages\/69\/revisions\/3548"}],"wp:attachment":[{"href":"https:\/\/www.integraction.eu\/index.php\/wp-json\/wp\/v2\/media?parent=69"}],"curies":[{"name":"wp","href":"https:\/\/api.w.org\/{rel}","templated":true}]}}