{"id":966,"date":"2020-07-29T12:55:18","date_gmt":"2020-07-29T12:55:18","guid":{"rendered":"https:\/\/www.integraction.eu\/?page_id=966"},"modified":"2022-05-23T09:10:45","modified_gmt":"2022-05-23T09:10:45","slug":"werkzeug","status":"publish","type":"page","link":"https:\/\/www.integraction.eu\/index.php\/de\/werkzeug\/","title":{"rendered":"Werkzeug"},"content":{"rendered":"\t\t<div data-elementor-type=\"wp-post\" data-elementor-id=\"966\" class=\"elementor elementor-966\" data-elementor-post-type=\"page\">\n\t\t\t\t\t\t<section class=\"has_eae_slider elementor-section elementor-top-section elementor-element elementor-element-5b11abd elementor-section-content-bottom elementor-section-boxed elementor-section-height-default elementor-section-height-default\" data-eae-slider=\"42769\" data-id=\"5b11abd\" data-element_type=\"section\" data-e-type=\"section\" data-settings=\"{&quot;background_background&quot;:&quot;classic&quot;}\">\n\t\t\t\t\t\t\t<div class=\"elementor-background-overlay\"><\/div>\n\t\t\t\t\t\t\t<div class=\"elementor-container elementor-column-gap-no\">\n\t\t\t\t\t<div class=\"has_eae_slider elementor-column elementor-col-100 elementor-top-column elementor-element elementor-element-7e4508d\" data-eae-slider=\"89841\" data-id=\"7e4508d\" data-element_type=\"column\" data-e-type=\"column\">\n\t\t\t<div class=\"elementor-widget-wrap elementor-element-populated\">\n\t\t\t\t\t\t<div class=\"elementor-element elementor-element-f9ae01b elementor-widget elementor-widget-heading\" data-id=\"f9ae01b\" data-element_type=\"widget\" data-e-type=\"widget\" data-widget_type=\"heading.default\">\n\t\t\t\t<div class=\"elementor-widget-container\">\n\t\t\t\t\t<h1 class=\"elementor-heading-title elementor-size-default\">Outputs &amp; Ergebnisse<\/h1>\t\t\t\t<\/div>\n\t\t\t\t<\/div>\n\t\t\t\t\t<\/div>\n\t\t<\/div>\n\t\t\t\t\t<\/div>\n\t\t<\/section>\n\t\t\t\t<section class=\"has_eae_slider elementor-section elementor-top-section elementor-element elementor-element-3834dc6 elementor-section-boxed elementor-section-height-default elementor-section-height-default\" data-eae-slider=\"24090\" data-id=\"3834dc6\" data-element_type=\"section\" data-e-type=\"section\" data-settings=\"{&quot;background_background&quot;:&quot;classic&quot;}\">\n\t\t\t\t\t\t<div class=\"elementor-container elementor-column-gap-no\">\n\t\t\t\t\t<div class=\"has_eae_slider elementor-column elementor-col-100 elementor-top-column elementor-element elementor-element-2e7a16d\" data-eae-slider=\"66659\" data-id=\"2e7a16d\" data-element_type=\"column\" data-e-type=\"column\" data-settings=\"{&quot;background_background&quot;:&quot;classic&quot;}\">\n\t\t\t<div class=\"elementor-widget-wrap elementor-element-populated\">\n\t\t\t\t\t\t<section class=\"has_eae_slider elementor-section elementor-inner-section elementor-element elementor-element-87398b8 elementor-section-content-top elementor-section-full_width elementor-section-height-default elementor-section-height-default\" data-eae-slider=\"47199\" data-id=\"87398b8\" data-element_type=\"section\" data-e-type=\"section\">\n\t\t\t\t\t\t<div class=\"elementor-container elementor-column-gap-no\">\n\t\t\t\t\t<div class=\"has_eae_slider elementor-column elementor-col-33 elementor-inner-column elementor-element elementor-element-1e71547\" data-eae-slider=\"87682\" data-id=\"1e71547\" data-element_type=\"column\" data-e-type=\"column\">\n\t\t\t<div class=\"elementor-widget-wrap elementor-element-populated\">\n\t\t\t\t\t\t<div class=\"elementor-element elementor-element-a297b07 elementor-position-top elementor-widget elementor-widget-image-box\" data-id=\"a297b07\" data-element_type=\"widget\" data-e-type=\"widget\" data-widget_type=\"image-box.default\">\n\t\t\t\t<div class=\"elementor-widget-container\">\n\t\t\t\t\t<div class=\"elementor-image-box-wrapper\"><figure class=\"elementor-image-box-img\"><a href=\"https:\/\/www.integraction.eu\/index.php\/tool4alls\/\" tabindex=\"-1\"><img fetchpriority=\"high\" decoding=\"async\" width=\"400\" height=\"300\" src=\"https:\/\/www.integraction.eu\/wp-content\/uploads\/2020\/04\/otp_digital-tools.jpg\" class=\"elementor-animation-sink attachment-full size-full wp-image-670\" alt=\"\" srcset=\"https:\/\/www.integraction.eu\/wp-content\/uploads\/2020\/04\/otp_digital-tools.jpg 400w, https:\/\/www.integraction.eu\/wp-content\/uploads\/2020\/04\/otp_digital-tools-300x225.jpg 300w\" sizes=\"(max-width: 400px) 100vw, 400px\" \/><\/a><\/figure><div class=\"elementor-image-box-content\"><h5 class=\"elementor-image-box-title\"><a href=\"https:\/\/www.integraction.eu\/index.php\/tool4alls\/\">\u201eTool4aLLs\u201c \u2013 Toolkit f\u00fcr digitale Tools zur Verbesserung von Alphabetisierungs -und Sprachkenntnissen.<\/a><\/h5><p class=\"elementor-image-box-description\">Das Toolkit soll Betreuende und Lehrpersonen mit Hilfe von digitalen Tools dabei unterst\u00fctzen die Alphabetisierungs- und Sprachkenntnisse von Gefl\u00fcchteten und Asylsuchenden zu f\u00f6rdern. Die Betreuenden k\u00f6nnen dabei ihr Wissen \u00fcber Sprachlerntools an Gefl\u00fcchtete und Asylsuchende weitergeben um ihnen somit den Einstieg in selbstst\u00e4ndige Sprachlernprozesse zu erleichtern. <\/p><\/div><\/div>\t\t\t\t<\/div>\n\t\t\t\t<\/div>\n\t\t\t\t\t<\/div>\n\t\t<\/div>\n\t\t\t\t<div class=\"has_eae_slider elementor-column elementor-col-33 elementor-inner-column elementor-element elementor-element-2c5e66a\" data-eae-slider=\"59884\" data-id=\"2c5e66a\" data-element_type=\"column\" data-e-type=\"column\">\n\t\t\t<div class=\"elementor-widget-wrap elementor-element-populated\">\n\t\t\t\t\t\t<div class=\"elementor-element elementor-element-adb5f55 elementor-position-top elementor-widget elementor-widget-image-box\" data-id=\"adb5f55\" data-element_type=\"widget\" data-e-type=\"widget\" data-widget_type=\"image-box.default\">\n\t\t\t\t<div class=\"elementor-widget-container\">\n\t\t\t\t\t<div class=\"elementor-image-box-wrapper\"><figure class=\"elementor-image-box-img\"><a href=\"https:\/\/www.integraction.eu\/index.php\/handbook-for-entrepreneurs-2\/\" tabindex=\"-1\"><img decoding=\"async\" width=\"401\" height=\"300\" src=\"https:\/\/www.integraction.eu\/wp-content\/uploads\/2020\/04\/otp_guide.jpg\" class=\"elementor-animation-sink attachment-full size-full wp-image-671\" alt=\"\" srcset=\"https:\/\/www.integraction.eu\/wp-content\/uploads\/2020\/04\/otp_guide.jpg 401w, https:\/\/www.integraction.eu\/wp-content\/uploads\/2020\/04\/otp_guide-300x224.jpg 300w\" sizes=\"(max-width: 401px) 100vw, 401px\" \/><\/a><\/figure><div class=\"elementor-image-box-content\"><h5 class=\"elementor-image-box-title\"><a href=\"https:\/\/www.integraction.eu\/index.php\/handbook-for-entrepreneurs-2\/\">Handbuch zur Erleichterung des Unternehmertums und der Unternehmensgr\u00fcndung<\/a><\/h5><p class=\"elementor-image-box-description\">Das Handbuch soll als Leitfaden f\u00fcr Gefl\u00fcchtete und Asylsuchende dienen und ihnen die einzelnen Schritte, die zur Gr\u00fcndung eines eigenen Unternehmens erforderlich sind, n\u00e4herbringen. Das Handbuch erm\u00f6glicht zudem eine Selbstbewertung der eigenen Gesch\u00e4ftskompetenzen und des Wissens welches f\u00fcr die Gr\u00fcndung eines Start-Ups erforderlich ist. Dar\u00fcber hinaus erl\u00e4utert es die Bedeutung einer regelm\u00e4\u00dfigen Teilnahme an Schulungskursen. <\/p><\/div><\/div>\t\t\t\t<\/div>\n\t\t\t\t<\/div>\n\t\t\t\t\t<\/div>\n\t\t<\/div>\n\t\t\t\t<div class=\"has_eae_slider elementor-column elementor-col-33 elementor-inner-column elementor-element elementor-element-4a2fa5a\" data-eae-slider=\"49215\" data-id=\"4a2fa5a\" data-element_type=\"column\" data-e-type=\"column\">\n\t\t\t<div class=\"elementor-widget-wrap elementor-element-populated\">\n\t\t\t\t\t\t<div class=\"elementor-element elementor-element-e2f5c73 elementor-position-top elementor-widget elementor-widget-image-box\" data-id=\"e2f5c73\" data-element_type=\"widget\" data-e-type=\"widget\" data-widget_type=\"image-box.default\">\n\t\t\t\t<div class=\"elementor-widget-container\">\n\t\t\t\t\t<div class=\"elementor-image-box-wrapper\"><figure class=\"elementor-image-box-img\"><a href=\"https:\/\/www.integraction.eu\/index.php\/de\/webdoc_ger\/\" tabindex=\"-1\"><img decoding=\"async\" width=\"401\" height=\"300\" src=\"https:\/\/www.integraction.eu\/wp-content\/uploads\/2020\/04\/otp-03-03.jpg\" class=\"elementor-animation-sink attachment-full size-full wp-image-675\" alt=\"\" srcset=\"https:\/\/www.integraction.eu\/wp-content\/uploads\/2020\/04\/otp-03-03.jpg 401w, https:\/\/www.integraction.eu\/wp-content\/uploads\/2020\/04\/otp-03-03-300x224.jpg 300w\" sizes=\"(max-width: 401px) 100vw, 401px\" \/><\/a><\/figure><div class=\"elementor-image-box-content\"><h5 class=\"elementor-image-box-title\"><a href=\"https:\/\/www.integraction.eu\/index.php\/de\/webdoc_ger\/\">Webdoc- Tageb\u00fccher von Migrierten<\/a><\/h5><p class=\"elementor-image-box-description\">Das Webdoc soll interkulturelle Treffen zwischen Menschen f\u00f6rdern um eine Sensibilisierung f\u00fcr die Herausforderungen von Flucht und Integration zu schaffen. Dabei soll Gefl\u00fcchteten und Asylsuchenden die M\u00f6glichkeit gegeben werden ihre Erfolgsgeschichten und Fluchterfahrungen zu teilen. Zudem soll Gefl\u00fcchteten und Asylsuchenden Wissen zum Thema Kultur, Denkweisen sowie Regeln und Werte des Aufnahmelandes vermittelt werden. <\/p><\/div><\/div>\t\t\t\t<\/div>\n\t\t\t\t<\/div>\n\t\t\t\t\t<\/div>\n\t\t<\/div>\n\t\t\t\t\t<\/div>\n\t\t<\/section>\n\t\t\t\t\t<\/div>\n\t\t<\/div>\n\t\t\t\t\t<\/div>\n\t\t<\/section>\n\t\t\t\t<\/div>\n\t\t","protected":false},"excerpt":{"rendered":"<p>Outputs &#038; Ergebnisse \u201eTool4aLLs\u201c \u2013 Toolkit f\u00fcr digitale Tools zur Verbesserung von Alphabetisierungs -und Sprachkenntnissen. Das Toolkit soll Betreuende und Lehrpersonen mit Hilfe von digitalen Tools dabei unterst\u00fctzen die Alphabetisierungs- und Sprachkenntnisse von Gefl\u00fcchteten und Asylsuchenden zu f\u00f6rdern. Die Betreuenden k\u00f6nnen dabei ihr Wissen \u00fcber Sprachlerntools an Gefl\u00fcchtete und Asylsuchende weitergeben um ihnen somit den [&hellip;]<\/p>\n","protected":false},"author":2,"featured_media":0,"parent":0,"menu_order":0,"comment_status":"closed","ping_status":"closed","template":"","meta":{"site-sidebar-layout":"no-sidebar","site-content-layout":"page-builder","ast-site-content-layout":"default","site-content-style":"default","site-sidebar-style":"default","ast-global-header-display":"","ast-banner-title-visibility":"","ast-main-header-display":"","ast-hfb-above-header-display":"","ast-hfb-below-header-display":"","ast-hfb-mobile-header-display":"","site-post-title":"disabled","ast-breadcrumbs-content":"","ast-featured-img":"disabled","footer-sml-layout":"","ast-disable-related-posts":"","theme-transparent-header-meta":"enabled","adv-header-id-meta":"","stick-header-meta":"","header-above-stick-meta":"","header-main-stick-meta":"","header-below-stick-meta":"","astra-migrate-meta-layouts":"default","ast-page-background-enabled":"default","ast-page-background-meta":{"desktop":{"background-color":"","background-image":"","background-repeat":"repeat","background-position":"center center","background-size":"auto","background-attachment":"scroll","background-type":"","background-media":"","overlay-type":"","overlay-color":"","overlay-opacity":"","overlay-gradient":""},"tablet":{"background-color":"","background-image":"","background-repeat":"repeat","background-position":"center center","background-size":"auto","background-attachment":"scroll","background-type":"","background-media":"","overlay-type":"","overlay-color":"","overlay-opacity":"","overlay-gradient":""},"mobile":{"background-color":"","background-image":"","background-repeat":"repeat","background-position":"center center","background-size":"auto","background-attachment":"scroll","background-type":"","background-media":"","overlay-type":"","overlay-color":"","overlay-opacity":"","overlay-gradient":""}},"ast-content-background-meta":{"desktop":{"background-color":"var(--ast-global-color-5)","background-image":"","background-repeat":"repeat","background-position":"center center","background-size":"auto","background-attachment":"scroll","background-type":"","background-media":"","overlay-type":"","overlay-color":"","overlay-opacity":"","overlay-gradient":""},"tablet":{"background-color":"var(--ast-global-color-5)","background-image":"","background-repeat":"repeat","background-position":"center center","background-size":"auto","background-attachment":"scroll","background-type":"","background-media":"","overlay-type":"","overlay-color":"","overlay-opacity":"","overlay-gradient":""},"mobile":{"background-color":"var(--ast-global-color-5)","background-image":"","background-repeat":"repeat","background-position":"center center","background-size":"auto","background-attachment":"scroll","background-type":"","background-media":"","overlay-type":"","overlay-color":"","overlay-opacity":"","overlay-gradient":""}},"footnotes":""},"class_list":["post-966","page","type-page","status-publish","hentry"],"_links":{"self":[{"href":"https:\/\/www.integraction.eu\/index.php\/wp-json\/wp\/v2\/pages\/966","targetHints":{"allow":["GET"]}}],"collection":[{"href":"https:\/\/www.integraction.eu\/index.php\/wp-json\/wp\/v2\/pages"}],"about":[{"href":"https:\/\/www.integraction.eu\/index.php\/wp-json\/wp\/v2\/types\/page"}],"author":[{"embeddable":true,"href":"https:\/\/www.integraction.eu\/index.php\/wp-json\/wp\/v2\/users\/2"}],"replies":[{"embeddable":true,"href":"https:\/\/www.integraction.eu\/index.php\/wp-json\/wp\/v2\/comments?post=966"}],"version-history":[{"count":7,"href":"https:\/\/www.integraction.eu\/index.php\/wp-json\/wp\/v2\/pages\/966\/revisions"}],"predecessor-version":[{"id":3595,"href":"https:\/\/www.integraction.eu\/index.php\/wp-json\/wp\/v2\/pages\/966\/revisions\/3595"}],"wp:attachment":[{"href":"https:\/\/www.integraction.eu\/index.php\/wp-json\/wp\/v2\/media?parent=966"}],"curies":[{"name":"wp","href":"https:\/\/api.w.org\/{rel}","templated":true}]}}